{"id":31,"date":"2021-03-07T13:20:31","date_gmt":"2021-03-07T12:20:31","guid":{"rendered":"http:\/\/192.168.123.105\/?page_id=31"},"modified":"2021-03-12T20:02:29","modified_gmt":"2021-03-12T19:02:29","slug":"neu","status":"publish","type":"page","link":"https:\/\/www.schraegpult.de\/","title":{"rendered":"Schr\u00e4gpult &#8211; Die gesunde Variante"},"content":{"rendered":"<p><img loading=\"lazy\" decoding=\"async\" class=\" wp-image-77 alignleft\" src=\"https:\/\/www.schraegpult.de\/wp-content\/uploads\/2021\/03\/P1010572.JPGnehmen-wir.jpg\" alt=\"\" width=\"397\" height=\"339\" srcset=\"https:\/\/www.schraegpult.de\/wp-content\/uploads\/2021\/03\/P1010572.JPGnehmen-wir.jpg 1099w, https:\/\/www.schraegpult.de\/wp-content\/uploads\/2021\/03\/P1010572.JPGnehmen-wir-300x256.jpg 300w, https:\/\/www.schraegpult.de\/wp-content\/uploads\/2021\/03\/P1010572.JPGnehmen-wir-1024x874.jpg 1024w, https:\/\/www.schraegpult.de\/wp-content\/uploads\/2021\/03\/P1010572.JPGnehmen-wir-768x655.jpg 768w\" sizes=\"auto, (max-width: 397px) 100vw, 397px\" \/>Um es klar zu sagen, <strong>horizontale Schreibfl\u00e4chen sind ein Relikt der modernen Zeit!<\/strong><\/p>\n<p>Um noch mehr Ordnung und \u00dcbersicht zu erhalten wurde unser Schr\u00e4gpult mit einer Buchst\u00fctze versehen. Eine kurze und schmale Rutschleiste am Unterrand der Arbeitsfl\u00e4che erm\u00f6glicht ein problemloses Ablegen der Unterarme beim Schreiben.<\/p>\n<p>Die Verwendung von schr\u00e4gen Arbeitsfl\u00e4chen hat eine lange Tradition und bietet zahlreiche Vorteile gegen\u00fcber horizontalen Unterlagen.<\/p>\n<p><img loading=\"lazy\" decoding=\"async\" class=\"alignright\" src=\"https:\/\/www.schraegpult.de\/wp-content\/uploads\/2021\/03\/altes-pult.jpg\" alt=\"altes Schreibpult\" width=\"191\" height=\"143\" \/><\/p>\n<p>Viele (Gro\u00df-)Eltern erinnern sich noch an ihre Schulpulte in welchen zentral in der Mitte ein Tintenf\u00e4sschen eingelassen war. Selbst Johann Wolfgang von Goethe und Gerhart Hauptmann benutzten schr\u00e4ge (Steh-)Pulte. Um solche Schultische auch noch den Gr\u00f6\u00dfenverh\u00e4ltnissen ihrer Benutzer anzupassen gab es mindestens 8 verschiedene H\u00f6hen.<\/p>\n<p>Im Schulalltag und den Kinderzimmern unserer heutigen Sch\u00fctzlinge ist vieles anders. Die Schreibtische sind horizontal angeordnet, und findet sich schon mal eine hochklappbare Schreibfl\u00e4che, dann wird diese meist nicht benutzt. Jede Stiftb\u00fcchse auf einer schr\u00e4gen Unterfl\u00e4che gehorcht den Gesetzen der Physik und rutscht herunter. Andererseits erledigen unsere Kinder ihre Hausaufgaben in der Regel doch in der K\u00fcche oder im Wohnzimmer.<\/p>\n<p>Ein transportables Schr\u00e4gpult hingegen findet m\u00fchelos auf jedem Stuben &#8211; oder K\u00fcchentisch Platz und kann nach Gebrauch schnell wegger\u00e4umt werden.<\/p>\n<p><strong>Viel wichtiger jedoch sind die Vorteile aus haltungshygienischer Sicht:<\/strong><\/p>\n<p>Unsere Wahrnehmungssysteme sind so ausgerichtet, dass wir immer im 90\u00b0 Winkel auf unsere Schreib- und Lesefl\u00e4che schauen. Daher wird verst\u00e4ndlich, dass man sich bei horizontalen Unterlagen schon betr\u00e4chtlich &#8222;verbiegen&#8220; muss um entsprechende Positionen einzunehmen. Zeichen der \u00dcberlastung des Bewegungs- und Bandapparates ist dann das schnelle Abst\u00fctzen des Kopfes auf der Hand oder das Ablegen des Kopfes. Konzentrationsst\u00f6rungen, Unruhe (Hin- und Herrutschen) aber auch Kopfschmerzen bei l\u00e4ngerer Kopfvorbeuge sind nicht seltene Begleiterscheinungen. Manche Kinder wehren sich ganz intuitiv und machen ihre Hausaufgaben (oder malen) auf dem Boden liegend in Bauchlage.<\/p>\n<p>Durch Anschr\u00e4gen der Arbeitsfl\u00e4che auf ca. 20\u00b0 richtet sich die Arbeitshaltung deutlich auf, der Bandapparat wird entlastet, der R\u00fccken kann aufatmen.<\/p>\n<h2 class=\"gruen\">Technische Beschreibung:<a href=\"https:\/\/www.schraegpult.de\/wp-content\/uploads\/2021\/03\/pult-gross.jpg\"><img loading=\"lazy\" decoding=\"async\" class=\"alignleft\" src=\"https:\/\/www.schraegpult.de\/wp-content\/uploads\/2021\/03\/pult-gross.jpg\" alt=\"Schr\u00e4gpult heute\" width=\"300\" height=\"282\" \/><\/a><\/h2>\n<p>Unser Schr\u00e4gpult besteht aus Pappelholz und ist somit sehr leicht. Die Schreibplatte hat eine Breite von 50 cm, H\u00f6he 34 cm, bietet somit bequem Platz f\u00fcr ein Schulheft. Die Buchst\u00fctze ist 34 cm hoch, so dass auch gr\u00f6\u00dfere B\u00fccher dort abgestellt werden k\u00f6nnen. Es ist unbehandelt, Sie k\u00f6nnen es lackieren, lasieren oder \u00f6len, ganz nach Geschmack.<\/p>\n<p>Das Pult wird in Behindertenwerkst\u00e4tten hergestellt.<\/p>\n","protected":false},"excerpt":{"rendered":"<p>Um es klar zu sagen, horizontale Schreibfl\u00e4chen sind ein Relikt der modernen Zeit! Um noch mehr Ordnung und \u00dcbersicht zu erhalten wurde unser Schr\u00e4gpult mit einer Buchst\u00fctze versehen. Eine kurze und schmale Rutschleiste am Unterrand der Arbeitsfl\u00e4che erm\u00f6glicht ein problemloses Ablegen der Unterarme beim Schreiben. Die Verwendung von schr\u00e4gen Arbeitsfl\u00e4chen hat eine lange Tradition und [&hellip;]<\/p>\n","protected":false},"author":1,"featured_media":0,"parent":0,"menu_order":1,"comment_status":"closed","ping_status":"closed","template":"","meta":{"footnotes":""},"class_list":["post-31","page","type-page","status-publish","hentry"],"aioseo_notices":[],"_links":{"self":[{"href":"https:\/\/www.schraegpult.de\/index.php?rest_route=\/wp\/v2\/pages\/31","targetHints":{"allow":["GET"]}}],"collection":[{"href":"https:\/\/www.schraegpult.de\/index.php?rest_route=\/wp\/v2\/pages"}],"about":[{"href":"https:\/\/www.schraegpult.de\/index.php?rest_route=\/wp\/v2\/types\/page"}],"author":[{"embeddable":true,"href":"https:\/\/www.schraegpult.de\/index.php?rest_route=\/wp\/v2\/users\/1"}],"replies":[{"embeddable":true,"href":"https:\/\/www.schraegpult.de\/index.php?rest_route=%2Fwp%2Fv2%2Fcomments&post=31"}],"version-history":[{"count":26,"href":"https:\/\/www.schraegpult.de\/index.php?rest_route=\/wp\/v2\/pages\/31\/revisions"}],"predecessor-version":[{"id":134,"href":"https:\/\/www.schraegpult.de\/index.php?rest_route=\/wp\/v2\/pages\/31\/revisions\/134"}],"wp:attachment":[{"href":"https:\/\/www.schraegpult.de\/index.php?rest_route=%2Fwp%2Fv2%2Fmedia&parent=31"}],"curies":[{"name":"wp","href":"https:\/\/api.w.org\/{rel}","templated":true}]}}