{"id":45,"date":"2021-03-07T15:01:07","date_gmt":"2021-03-07T14:01:07","guid":{"rendered":"http:\/\/192.168.123.105\/?page_id=45"},"modified":"2021-03-12T17:15:20","modified_gmt":"2021-03-12T16:15:20","slug":"anfrage-fuer-grossabnehmer","status":"publish","type":"page","link":"https:\/\/www.schraegpult.de\/?page_id=45","title":{"rendered":"Anfrage f\u00fcr Gro\u00dfabnehmer"},"content":{"rendered":"<p style=\"text-align: left;\">Sie ben\u00f6tigen <strong>mehr als 3 Schr\u00e4gpulte<\/strong>? \u00a0 \u00a0 \u00a0 \u00a0 \u00a0 \u00a0 \u00a0 \u00a0 \u00a0 \u00a0 \u00a0 \u00a0 \u00a0 \u00a0 \u00a0 \u00a0 \u00a0 \u00a0 \u00a0 \u00a0 \u00a0 \u00a0 \u00a0 \u00a0 \u00a0 <a href=\"mailto:info@schraegpult.de\"><img loading=\"lazy\" decoding=\"async\" class=\"alignright\" src=\"https:\/\/www.schraegpult.de\/wp-content\/uploads\/2021\/03\/pult-gross.jpg\" alt=\"Schr\u00e4gpult gross\" width=\"181\" height=\"171\" \/><\/a><\/p>\n<p style=\"text-align: left;\">Bitte senden Sie uns eine <a href=\"mailto:info@schraegpult.de\">email an info@schraegpult.de<\/a> mit folgenden Angaben:<\/p>\n<ol style=\"text-align: left;\">\n<li>Name und Anschrift<\/li>\n<li>gew\u00fcnschte Abnahmemenge<\/li>\n<li>nur einmalige Abnahme?<\/li>\n<li>wenn regelm\u00e4\u00dfig, voraussichtliche St\u00fcckzahl pro Monat<\/li>\n<\/ol>\n<p style=\"text-align: left;\">Wir melden uns schnellstm\u00f6glich bei Ihnen!<\/p>\n<p style=\"text-align: center;\">\n","protected":false},"excerpt":{"rendered":"<p>Sie ben\u00f6tigen mehr als 3 Schr\u00e4gpulte? \u00a0 \u00a0 \u00a0 \u00a0 \u00a0 \u00a0 \u00a0 \u00a0 \u00a0 \u00a0 \u00a0 \u00a0 \u00a0 \u00a0 \u00a0 \u00a0 \u00a0 \u00a0 \u00a0 \u00a0 \u00a0 \u00a0 \u00a0 \u00a0 \u00a0 Bitte senden Sie uns eine email an info@schraegpult.de mit folgenden Angaben: Name und Anschrift gew\u00fcnschte Abnahmemenge nur einmalige Abnahme? wenn regelm\u00e4\u00dfig, voraussichtliche St\u00fcckzahl pro [&hellip;]<\/p>\n","protected":false},"author":1,"featured_media":0,"parent":0,"menu_order":0,"comment_status":"closed","ping_status":"closed","template":"","meta":{"footnotes":""},"class_list":["post-45","page","type-page","status-publish","hentry"],"aioseo_notices":[],"_links":{"self":[{"href":"https:\/\/www.schraegpult.de\/index.php?rest_route=\/wp\/v2\/pages\/45","targetHints":{"allow":["GET"]}}],"collection":[{"href":"https:\/\/www.schraegpult.de\/index.php?rest_route=\/wp\/v2\/pages"}],"about":[{"href":"https:\/\/www.schraegpult.de\/index.php?rest_route=\/wp\/v2\/types\/page"}],"author":[{"embeddable":true,"href":"https:\/\/www.schraegpult.de\/index.php?rest_route=\/wp\/v2\/users\/1"}],"replies":[{"embeddable":true,"href":"https:\/\/www.schraegpult.de\/index.php?rest_route=%2Fwp%2Fv2%2Fcomments&post=45"}],"version-history":[{"count":11,"href":"https:\/\/www.schraegpult.de\/index.php?rest_route=\/wp\/v2\/pages\/45\/revisions"}],"predecessor-version":[{"id":116,"href":"https:\/\/www.schraegpult.de\/index.php?rest_route=\/wp\/v2\/pages\/45\/revisions\/116"}],"wp:attachment":[{"href":"https:\/\/www.schraegpult.de\/index.php?rest_route=%2Fwp%2Fv2%2Fmedia&parent=45"}],"curies":[{"name":"wp","href":"https:\/\/api.w.org\/{rel}","templated":true}]}}