{"id":51,"date":"2021-03-07T15:02:15","date_gmt":"2021-03-07T14:02:15","guid":{"rendered":"http:\/\/192.168.123.105\/?page_id=51"},"modified":"2022-05-29T19:42:53","modified_gmt":"2022-05-29T17:42:53","slug":"impressum","status":"publish","type":"page","link":"https:\/\/www.schraegpult.de\/?page_id=51","title":{"rendered":"Impressum"},"content":{"rendered":"<p>schraegpult.de<br \/>\nStefan Kania<br \/>\nLandweg 13<br \/>\n25693 St. Michaelisdonn<br \/>\nTelefon: 04853 880642<br \/>\nE-Mail: info@schraegpult.de<\/p>\n<p>Registriert im LUCID Verpackungsregister: DE1206833937266<\/p>\n<p>Inhaltlich Verantwortlicher gem\u00e4\u00df \u00a7 10 Absatz 3 MDStV: Stefan Kania (Anschrift wie oben)<\/p>\n<p>Haftungshinweis: Trotz sorgf\u00e4ltiger inhaltlicher Kontrolle \u00fcbernehmen wir keine Haftung f\u00fcr die Inhalte externer Links. F\u00fcr den Inhalt der verlinkten Seiten sind ausschlie\u00dflich deren Betreiber verantwortlich.<\/p>\n","protected":false},"excerpt":{"rendered":"<p>schraegpult.de Stefan Kania Landweg 13 25693 St. Michaelisdonn Telefon: 04853 880642 E-Mail: info@schraegpult.de Registriert im LUCID Verpackungsregister: DE1206833937266 Inhaltlich Verantwortlicher gem\u00e4\u00df \u00a7 10 Absatz 3 MDStV: Stefan Kania (Anschrift wie oben) Haftungshinweis: Trotz sorgf\u00e4ltiger inhaltlicher Kontrolle \u00fcbernehmen wir keine Haftung f\u00fcr die Inhalte externer Links. F\u00fcr den Inhalt der verlinkten Seiten sind ausschlie\u00dflich deren Betreiber [&hellip;]<\/p>\n","protected":false},"author":1,"featured_media":0,"parent":0,"menu_order":0,"comment_status":"closed","ping_status":"closed","template":"","meta":{"footnotes":""},"class_list":["post-51","page","type-page","status-publish","hentry"],"aioseo_notices":[],"_links":{"self":[{"href":"https:\/\/www.schraegpult.de\/index.php?rest_route=\/wp\/v2\/pages\/51","targetHints":{"allow":["GET"]}}],"collection":[{"href":"https:\/\/www.schraegpult.de\/index.php?rest_route=\/wp\/v2\/pages"}],"about":[{"href":"https:\/\/www.schraegpult.de\/index.php?rest_route=\/wp\/v2\/types\/page"}],"author":[{"embeddable":true,"href":"https:\/\/www.schraegpult.de\/index.php?rest_route=\/wp\/v2\/users\/1"}],"replies":[{"embeddable":true,"href":"https:\/\/www.schraegpult.de\/index.php?rest_route=%2Fwp%2Fv2%2Fcomments&post=51"}],"version-history":[{"count":6,"href":"https:\/\/www.schraegpult.de\/index.php?rest_route=\/wp\/v2\/pages\/51\/revisions"}],"predecessor-version":[{"id":149,"href":"https:\/\/www.schraegpult.de\/index.php?rest_route=\/wp\/v2\/pages\/51\/revisions\/149"}],"wp:attachment":[{"href":"https:\/\/www.schraegpult.de\/index.php?rest_route=%2Fwp%2Fv2%2Fmedia&parent=51"}],"curies":[{"name":"wp","href":"https:\/\/api.w.org\/{rel}","templated":true}]}}